{"id":176,"date":"2022-08-17T11:18:08","date_gmt":"2022-08-17T09:18:08","guid":{"rendered":"http:\/\/sp5.srem.pl\/bip\/?page_id=176"},"modified":"2022-10-14T10:54:45","modified_gmt":"2022-10-14T08:54:45","slug":"do-pobrania","status":"publish","type":"page","link":"https:\/\/sp5.srem.pl\/bip\/do-pobrania\/","title":{"rendered":"Do pobrania"},"content":{"rendered":"\n<p><a href=\"http:\/\/sp5.srem.pl\/bip\/wp-content\/uploads\/2022\/09\/statut-31-08-2022.pdf\" target=\"_blank\" rel=\"noreferrer noopener\">Statut Szko\u0142y Podstawowej nr 5 w \u015aremie<\/a><\/p>\n\n\n\n<p><a href=\"http:\/\/sp5.srem.pl\/bip\/wp-content\/uploads\/2022\/10\/procedury-bezpieczenstwa.pdf\" target=\"_blank\" rel=\"noreferrer noopener\">Procedury bezpiecze\u0144stwa<\/a><\/p>\n\n\n\n<p><a href=\"http:\/\/sp5.srem.pl\/bip\/wp-content\/uploads\/2022\/10\/program-wychowawczo-profilaktyczny.pdf\" target=\"_blank\" rel=\"noreferrer noopener\">Program Wychowawczo-Profilaktyczny<\/a><\/p>\n\n\n\n<p><a href=\"http:\/\/sp5.srem.pl\/bip\/wp-content\/uploads\/2022\/08\/regulamin-wycieczki.pdf\" target=\"_blank\" rel=\"noreferrer noopener\">Regulamin wycieczek i zaj\u0119\u0107 odbywaj\u0105cych si\u0119 poza terenem szko\u0142y<\/a><\/p>\n\n\n\n<p><a href=\"http:\/\/sp5.srem.pl\/bip\/wp-content\/uploads\/2022\/10\/regulamin-pomoc-materialna.pdf\" target=\"_blank\" rel=\"noreferrer noopener\">Regulamin udzielania pomocy materialnej o charakterze motywacyjnym<\/a><\/p>\n\n\n\n<p><a href=\"http:\/\/sp5.srem.pl\/bip\/wp-content\/uploads\/2022\/10\/procedury-covid.pdf\" target=\"_blank\" rel=\"noreferrer noopener\">Procedury zapewniania bezpiecze\u0144stwa w Szkole Podstawowej nr 5 im. Polskich Noblist\u00f3w w \u015aremie w zwi\u0105zku z wyst\u0105pieniem epidemii<\/a><\/p>\n","protected":false},"excerpt":{"rendered":"<p>Statut Szko\u0142y Podstawowej nr 5 w \u015aremie Procedury bezpiecze\u0144stwa Program Wychowawczo-Profilaktyczny Regulamin wycieczek i zaj\u0119\u0107 odbywaj\u0105cych si\u0119 poza terenem szko\u0142y Regulamin udzielania pomocy materialnej o charakterze motywacyjnym Procedury zapewniania bezpiecze\u0144stwa w Szkole Podstawowej nr 5 im. Polskich Noblist\u00f3w w \u015aremie w zwi\u0105zku z wyst\u0105pieniem epidemii<\/p>\n","protected":false},"author":1,"featured_media":0,"parent":0,"menu_order":0,"comment_status":"closed","ping_status":"closed","template":"","meta":{"_lmt_disableupdate":"","_lmt_disable":"","footnotes":""},"class_list":["post-176","page","type-page","status-publish","hentry"],"_links":{"self":[{"href":"https:\/\/sp5.srem.pl\/bip\/wp-json\/wp\/v2\/pages\/176","targetHints":{"allow":["GET"]}}],"collection":[{"href":"https:\/\/sp5.srem.pl\/bip\/wp-json\/wp\/v2\/pages"}],"about":[{"href":"https:\/\/sp5.srem.pl\/bip\/wp-json\/wp\/v2\/types\/page"}],"author":[{"embeddable":true,"href":"https:\/\/sp5.srem.pl\/bip\/wp-json\/wp\/v2\/users\/1"}],"replies":[{"embeddable":true,"href":"https:\/\/sp5.srem.pl\/bip\/wp-json\/wp\/v2\/comments?post=176"}],"version-history":[{"count":7,"href":"https:\/\/sp5.srem.pl\/bip\/wp-json\/wp\/v2\/pages\/176\/revisions"}],"predecessor-version":[{"id":263,"href":"https:\/\/sp5.srem.pl\/bip\/wp-json\/wp\/v2\/pages\/176\/revisions\/263"}],"wp:attachment":[{"href":"https:\/\/sp5.srem.pl\/bip\/wp-json\/wp\/v2\/media?parent=176"}],"curies":[{"name":"wp","href":"https:\/\/api.w.org\/{rel}","templated":true}]}}