{"id":178,"date":"2022-08-17T11:18:23","date_gmt":"2022-08-17T09:18:23","guid":{"rendered":"http:\/\/sp5.srem.pl\/bip\/?page_id=178"},"modified":"2025-04-27T17:43:44","modified_gmt":"2025-04-27T15:43:44","slug":"deklaracja-dostepnosci","status":"publish","type":"page","link":"https:\/\/sp5.srem.pl\/bip\/deklaracja-dostepnosci\/","title":{"rendered":"Deklaracja dost\u0119pno\u015bci"},"content":{"rendered":"\n<p><strong>Raport o stanie zapewniania dost\u0119pno\u015bci podmiotu publicznego<\/strong> &#8211; stan w dniu 01.01.2025 r. <a href=\"http:\/\/sp5.srem.pl\/bip\/wp-content\/uploads\/2025\/04\/raport-o-stanie-zapewnienia-dostepnosci.pdf\" data-type=\"link\" data-id=\"http:\/\/sp5.srem.pl\/bip\/wp-content\/uploads\/2025\/04\/raport-o-stanie-zapewnienia-dostepnosci.pdf\">wy\u015bwietl<\/a><\/p>\n\n\n\n<p class=\"has-text-align-left\">Raport o stanie zapewnienia dost\u0119pno\u015bci <a href=\"http:\/\/sp5.srem.pl\/bip\/wp-content\/uploads\/2022\/09\/dostepnosc.pdf\">wy\u015bwietl<\/a><\/p>\n\n\n\n<p><strong>Wst\u0119p deklaracji dost\u0119pno\u015bci<\/strong><\/p>\n\n\n\n<p>Szko\u0142a Podstawowa nr 5 im. Polskich Noblist\u00f3w w&nbsp;\u015aremie zobowi\u0105zuje si\u0119 zapewni\u0107 dost\u0119pno\u015b\u0107 strony internetowej sp5.srem.pl&nbsp; zgodnie z&nbsp;ustaw\u0105 z&nbsp;dnia 4 kwietnia 2019 r. o&nbsp;dost\u0119pno\u015bci cyfrowej stron internetowych i&nbsp;aplikacji mobilnych podmiot\u00f3w publicznych. O\u015bwiadczenie w&nbsp;sprawie dost\u0119pno\u015bci ma zastosowanie do serwisu internetowego sp5.srem.pl.<\/p>\n\n\n\n<p>Data publikacji strony internetowej: 2017-09-15&nbsp;<\/p>\n\n\n\n<p>Data ostatniej istotnej aktualizacji: 2020-09-30<\/p>\n\n\n\n<p><strong>Status pod wzgl\u0119dem zgodno\u015bci z&nbsp;ustaw\u0105<\/strong><\/p>\n\n\n\n<p>Strona internetowa jest cz\u0119\u015bciowo zgodna z&nbsp;ustaw\u0105 z&nbsp;dnia 4 kwietnia 2019 r. o&nbsp;dost\u0119pno\u015bci cyfrowej stron internetowych i&nbsp;aplikacji mobilnych podmiot\u00f3w publicznych z&nbsp;powodu niezgodno\u015bci lub wy\u0142\u0105cze\u0144 wymienionych poni\u017cej:<\/p>\n\n\n\n<p>filmy nie posiadaj\u0105 napis\u00f3w dla os\u00f3b nies\u0142ysz\u0105cych.<\/p>\n\n\n\n<p>Deklaracj\u0119 sporz\u0105dzono na podstawie w\u0142asnej samooceny przeprowadzonej 2020-09-30.<\/p>\n\n\n\n<p>Na stronie internetowej mo\u017cna korzysta\u0107 ze&nbsp;standardowych skr\u00f3t\u00f3w klawiaturowych oraz<\/p>\n\n\n\n<p>w przegl\u0105darce Firefox:<\/p>\n\n\n\n<p>&#8211; klawisze ALT+SHIFT+H \u2013 strona g\u0142\u00f3wna,<\/p>\n\n\n\n<p>&#8211; klawisze ALT+ SHIFT+N \u2013 nawigacja,<\/p>\n\n\n\n<p>&#8211; klawisze ALT+ SHIFT+1 &#8211; powi\u0119kszenie czcionki,<\/p>\n\n\n\n<p>&#8211; klawisze ALT+ SHIFT+2 \u2013 domy\u015blny rozmiar czcionki,<\/p>\n\n\n\n<p>&#8211; klawisze ALT+ SHIFT+3, ALT+ SHIFT+4,&nbsp; ALT+SHIFT+5, ALT+ SHIFT+6, ALT+ SHIFT+7 \u2013 dostosowanie kontrastu,<\/p>\n\n\n\n<p>w przegl\u0105darkach Chrome, Internet Explorer, Edge:<\/p>\n\n\n\n<p>&#8211; klawisze ALT+H \u2013 strona g\u0142\u00f3wna,<\/p>\n\n\n\n<p>&#8211; klawisze ALT+ N \u2013 nawigacja,<\/p>\n\n\n\n<p>&#8211; klawisze ALT+1 &#8211; powi\u0119kszenie czcionki,<\/p>\n\n\n\n<p>&#8211; klawisze ALT+2 \u2013 domy\u015blny rozmiar czcionki,<\/p>\n\n\n\n<p>&#8211; klawisze ALT+3, ALT+4,&nbsp; ALT+5, ALT+6, ALT+7 \u2013 dostosowanie kontrastu.<\/p>\n\n\n\n<h2 class=\"wp-block-heading\">Informacje zwrotne i&nbsp;dane kontaktowe<\/h2>\n\n\n\n<p>W przypadku problem\u00f3w z&nbsp;dost\u0119pno\u015bci\u0105 strony internetowej prosimy o&nbsp;kontakt. Osob\u0105 kontaktow\u0105 jest Marek Juskowiak, marek.juskowiak@sp5.srem.pl. Kontaktowa\u0107 mo\u017cna si\u0119 tak\u017ce dzwoni\u0105c na numer telefonu +48 61 28 34 414 . T\u0105 sam\u0105 drog\u0105 mo\u017cna sk\u0142ada\u0107 wnioski o&nbsp;udost\u0119pnienie informacji niedost\u0119pnej oraz sk\u0142ada\u0107 skargi na brak zapewnienia dost\u0119pno\u015bci.<\/p>\n\n\n\n<p>Ka\u017cdy ma prawo do wyst\u0105pienia z&nbsp;\u017c\u0105daniem zapewnienia dost\u0119pno\u015bci cyfrowej strony internetowej, aplikacji mobilnej lub jakiego\u015b ich elementu. Mo\u017cna tak\u017ce za\u017c\u0105da\u0107 udost\u0119pnienia informacji za pomoc\u0105 alternatywnego sposobu dost\u0119pu, na przyk\u0142ad przez odczytanie niedost\u0119pnego cyfrowo dokumentu, opisanie zawarto\u015bci filmu bez audiodeskrypcji itp. \u017b\u0105danie powinno zawiera\u0107 dane osoby zg\u0142aszaj\u0105cej \u017c\u0105danie, wskazanie, o&nbsp;kt\u00f3r\u0105 stron\u0119 internetow\u0105 lub aplikacj\u0119 mobiln\u0105 chodzi oraz spos\u00f3b kontaktu. Je\u017celi osoba \u017c\u0105daj\u0105ca zg\u0142asza potrzeb\u0119 otrzymania informacji za pomoc\u0105 alternatywnego sposobu dost\u0119pu, powinna tak\u017ce okre\u015bli\u0107 dogodny dla niej spos\u00f3b przedstawienia tej informacji. Podmiot publiczny powinien zrealizowa\u0107 \u017c\u0105danie niezw\u0142ocznie, nie p\u00f3\u017aniej ni\u017c w&nbsp;ci\u0105gu 7 dni od dnia wyst\u0105pienia z&nbsp;\u017c\u0105daniem. Je\u017celi dotrzymanie tego terminu nie jest mo\u017cliwe, podmiot publiczny niezw\u0142ocznie informuje o&nbsp;tym wnosz\u0105cego \u017c\u0105danie, kiedy realizacja \u017c\u0105dania b\u0119dzie mo\u017cliwa, przy czym termin ten nie mo\u017ce by\u0107 d\u0142u\u017cszy ni\u017c 2 miesi\u0105ce od dnia wyst\u0105pienia z&nbsp;\u017c\u0105daniem. Je\u017celi zapewnienie dost\u0119pno\u015bci cyfrowej nie jest mo\u017cliwe, podmiot publiczny mo\u017ce zaproponowa\u0107 alternatywny spos\u00f3b dost\u0119pu do informacji. W&nbsp;przypadku, gdy podmiot publiczny odm\u00f3wi realizacji \u017c\u0105dania zapewnienia dost\u0119pno\u015bci lub alternatywnego sposobu dost\u0119pu do informacji, wnosz\u0105cy \u017c\u0105danie mo\u017cne z\u0142o\u017cy\u0107 skarg\u0119 w&nbsp;sprawie zapewniana dost\u0119pno\u015bci cyfrowej strony internetowej, aplikacji mobilnej lub elementu strony internetowej, lub aplikacji mobilnej. Po wyczerpaniu wskazanej wy\u017cej procedury mo\u017cna tak\u017ce z\u0142o\u017cy\u0107 wniosek do Rzecznika Praw Obywatelskich.<\/p>\n\n\n\n<p><strong>Dost\u0119pno\u015b\u0107 architektoniczna<\/strong><\/p>\n\n\n\n<ol class=\"wp-block-list\">\n<li><strong>1.&nbsp;&nbsp;&nbsp;&nbsp;&nbsp;&nbsp;&nbsp; <\/strong><strong>Opis dost\u0119pno\u015bci wej\u015bcia do budynku i&nbsp;przechodzenia przez obszar kontroli.<\/strong><\/li>\n<\/ol>\n\n\n\n<p>Wej\u015bcie g\u0142\u00f3wne do budynku Szko\u0142y Podstawowej nr 5 im. Polskich noblist\u00f3w w&nbsp;\u015aremie znajduje si\u0119 od ulicy Ch\u0142apowskiego 12. Prowadz\u0105 tam schody z&nbsp;podjazdem dla os\u00f3b niepe\u0142nosprawnych. Drzwi s\u0105 dwuskrzyd\u0142owe i&nbsp;otwieraj\u0105 si\u0119 r\u0119cznie.<\/p>\n\n\n\n<p>Przybycie do szko\u0142y mo\u017cna zasygnalizowa\u0107 dzwonnikiem znajduj\u0105cym si\u0119 przy okienku portierni. Pomieszczenie to znajduje si\u0119 po lewej stronie za wej\u015bciem g\u0142\u00f3wnym do budynku szko\u0142y. Jest dost\u0119pne bez barier architektonicznych.<\/p>\n\n\n\n<p>W budynku brak wizualnej, dotykowej i&nbsp;g\u0142osowej informacji o&nbsp;rozk\u0142adzie pomieszcze\u0144. Nie zastosowano urz\u0105dze\u0144 i&nbsp;innych \u015brodk\u00f3w technicznych do obs\u0142ugi os\u00f3b s\u0142abos\u0142ysz\u0105cych. Dost\u0119pno\u015b\u0107 zapewniona jest przez pracownika portierni.<\/p>\n\n\n\n<p>Dodatkowo od strony boiska szkolnego przy czwartym segmencie znajduje si\u0119 wej\u015bcie dostosowane do os\u00f3b niepe\u0142nosprawnych. Otwarte jest od godz. 7.00 do 15.30.<\/p>\n\n\n\n<ol class=\"wp-block-list\">\n<li><strong>2.&nbsp;&nbsp;&nbsp;&nbsp;&nbsp;&nbsp;&nbsp; <\/strong><strong>Opis dost\u0119pno\u015bci korytarzy, schod\u00f3w.<\/strong><\/li>\n<\/ol>\n\n\n\n<p>Budynek szko\u0142y nie posiada wind.<\/p>\n\n\n\n<p>W plac\u00f3wce znajduj\u0105 si\u0119 cztery kondygnacje. Piwnica z&nbsp;szatniami dla uczni\u00f3w do kt\u00f3rej prowadz\u0105 jedynie schody, bez dostosowania dla os\u00f3b niepe\u0142nosprawnych. Na kondygnacj\u0119 drug\u0105 i&nbsp;trzeci\u0105 prowadz\u0105 schody pozbawione dostosowania do potrzeb os\u00f3b poruszaj\u0105cych si\u0119 na w\u00f3zkach.<\/p>\n\n\n\n<p>G\u0142\u00f3wna cz\u0119\u015b\u0107 budynku po\u0142\u0105czona jest z&nbsp;czwartym segmentem wyposa\u017conym w&nbsp;schody i&nbsp;podjazd dla os\u00f3b niepe\u0142nosprawnych.<\/p>\n\n\n\n<p>Sala gimnastyczna znajduje si\u0119 na parterze budynku jest dost\u0119pna dla ka\u017cdego.<\/p>\n\n\n\n<p>W budynku szko\u0142y w&nbsp;drugim segmencie na parterze i&nbsp;pierwszym pi\u0119trze znajduje si\u0119 toaleta damska z&nbsp;uchwytem dla os\u00f3b niepe\u0142nosprawnych. Dodatkowo taka sama utworzona jest w&nbsp;trzecim segmencie budynku.<\/p>\n\n\n\n<p>Dla os\u00f3b na w\u00f3zkach dost\u0119pne mog\u0105 by\u0107 tylko korytarze na parterze budynku.<\/p>\n\n\n\n<p>Pomieszczenia dydaktyczne s\u0105 przystosowane dla os\u00f3b niepe\u0142nosprawnych. Drzwi posiadaj\u0105 odpowiednie wymiary.<\/p>\n\n\n\n<ol class=\"wp-block-list\">\n<li><strong>3.&nbsp;&nbsp;&nbsp;&nbsp;&nbsp;&nbsp;&nbsp; <\/strong><strong>Opis dostosowa\u0144, na przyk\u0142ad pochylni, platform, informacji g\u0142osowych, p\u0119tlach indukcyjnych.<\/strong><\/li>\n<\/ol>\n\n\n\n<p>Szko\u0142a nie dysponuje wy\u017cej wymienionymi dostosowaniami.<\/p>\n\n\n\n<ol class=\"wp-block-list\">\n<li><strong>4.&nbsp;&nbsp;&nbsp;&nbsp;&nbsp;&nbsp;&nbsp; <\/strong><strong>Informacja o&nbsp;miejscu i&nbsp;sposobie korzystania z&nbsp;miejsc parkingowych wyznaczonych dla os\u00f3b niepe\u0142nosprawnych.<\/strong><\/li>\n<\/ol>\n\n\n\n<p>Miejsca parkowania dla os\u00f3b niepe\u0142nosprawnych znajduj\u0105 si\u0119 na parkingu wzd\u0142u\u017c ulicy Ch\u0142apowskiego 12.<\/p>\n\n\n\n<ol class=\"wp-block-list\">\n<li><strong>5.&nbsp;&nbsp;&nbsp;&nbsp;&nbsp;&nbsp;&nbsp; <\/strong><strong>Informacje o&nbsp;prawie wst\u0119pu z&nbsp;psem asystuj\u0105cym i&nbsp;ewentualnych uzasadnionych ograniczeniach.<\/strong><\/li>\n<\/ol>\n\n\n\n<p>Do budynku i&nbsp;wszystkich jego pomieszcze\u0144 mo\u017cna wej\u015b\u0107 z&nbsp;psem asystuj\u0105cym i&nbsp;psem przewodnikiem.<\/p>\n\n\n\n<ol class=\"wp-block-list\">\n<li><strong>6.&nbsp;&nbsp;&nbsp;&nbsp;&nbsp;&nbsp;&nbsp; <\/strong><strong>Informacje o&nbsp;mo\u017cliwo\u015bci skorzystania z&nbsp;t\u0142umacza j\u0119zyka migowego na miejscu lub online.<\/strong><\/li>\n<\/ol>\n\n\n\n<p>Szko\u0142a posiada nauczycieli &#8211; t\u0142umaczy j\u0119zyka migowego.<\/p>\n\n\n\n<p>Osoby nies\u0142ysz\u0105ce i&nbsp;maj\u0105ce trudno\u015bci w&nbsp;komunikowaniu si\u0119, chc\u0105c za\u0142atwi\u0107 spraw\u0119 w&nbsp;naszej plac\u00f3wce z&nbsp;pomoc\u0105 t\u0142umacza j\u0119zyka migowego zobowi\u0105zane s\u0105 do zg\u0142oszenia ch\u0119ci skorzystania z&nbsp;tych \u015bwiadcze\u0144. Fakt ten nale\u017cy zg\u0142osi\u0107 w&nbsp;sekretariacie szko\u0142y z&nbsp;minimum trzy dniowym wyprzedzeniem oraz dokona\u0107 zg\u0142oszenia w&nbsp;celu ustalenia terminu spotkania.<\/p>\n\n\n\n<p>Dane koordynatora do spraw dost\u0119pno\u015bci:<\/p>\n\n\n\n<p>Karolina Worobiew<\/p>\n\n\n\n<p>tel.&nbsp;&nbsp;61 28 344 14<\/p>\n\n\n\n<p><\/p>\n","protected":false},"excerpt":{"rendered":"<p>Raport o stanie zapewniania dost\u0119pno\u015bci podmiotu publicznego &#8211; stan w dniu 01.01.2025 r. wy\u015bwietl Raport o stanie zapewnienia dost\u0119pno\u015bci wy\u015bwietl Wst\u0119p deklaracji dost\u0119pno\u015bci Szko\u0142a Podstawowa nr 5 im. Polskich Noblist\u00f3w w&nbsp;\u015aremie zobowi\u0105zuje si\u0119 zapewni\u0107 dost\u0119pno\u015b\u0107 strony internetowej sp5.srem.pl&nbsp; zgodnie z&nbsp;ustaw\u0105 z&nbsp;dnia 4 kwietnia 2019 r. o&nbsp;dost\u0119pno\u015bci cyfrowej stron internetowych i&nbsp;aplikacji mobilnych podmiot\u00f3w publicznych. O\u015bwiadczenie w&nbsp;sprawie [&hellip;]<\/p>\n","protected":false},"author":1,"featured_media":0,"parent":0,"menu_order":0,"comment_status":"closed","ping_status":"closed","template":"","meta":{"_lmt_disableupdate":"","_lmt_disable":"","footnotes":""},"class_list":["post-178","page","type-page","status-publish","hentry"],"_links":{"self":[{"href":"https:\/\/sp5.srem.pl\/bip\/wp-json\/wp\/v2\/pages\/178","targetHints":{"allow":["GET"]}}],"collection":[{"href":"https:\/\/sp5.srem.pl\/bip\/wp-json\/wp\/v2\/pages"}],"about":[{"href":"https:\/\/sp5.srem.pl\/bip\/wp-json\/wp\/v2\/types\/page"}],"author":[{"embeddable":true,"href":"https:\/\/sp5.srem.pl\/bip\/wp-json\/wp\/v2\/users\/1"}],"replies":[{"embeddable":true,"href":"https:\/\/sp5.srem.pl\/bip\/wp-json\/wp\/v2\/comments?post=178"}],"version-history":[{"count":9,"href":"https:\/\/sp5.srem.pl\/bip\/wp-json\/wp\/v2\/pages\/178\/revisions"}],"predecessor-version":[{"id":380,"href":"https:\/\/sp5.srem.pl\/bip\/wp-json\/wp\/v2\/pages\/178\/revisions\/380"}],"wp:attachment":[{"href":"https:\/\/sp5.srem.pl\/bip\/wp-json\/wp\/v2\/media?parent=178"}],"curies":[{"name":"wp","href":"https:\/\/api.w.org\/{rel}","templated":true}]}}