{"id":182,"date":"2022-08-17T11:19:00","date_gmt":"2022-08-17T09:19:00","guid":{"rendered":"http:\/\/sp5.srem.pl\/bip\/?page_id=182"},"modified":"2023-06-23T21:03:39","modified_gmt":"2023-06-23T19:03:39","slug":"instrukcja","status":"publish","type":"page","link":"https:\/\/sp5.srem.pl\/bip\/instrukcja\/","title":{"rendered":"RODO"},"content":{"rendered":"\n<p class=\"has-text-align-center\"><strong>Klauzula informacyjna o&nbsp;przetwarzaniu danych osobowych<\/strong><\/p>\n\n\n\n<p class=\"has-text-align-center\"><strong>dla rodzic\u00f3w\/opiekun\u00f3w prawnych i&nbsp;uczni\u00f3w&nbsp;&nbsp; <\/strong><\/p>\n\n\n\n<p><strong>A<\/strong>.    W zwi\u0105zku z&nbsp;przetwarzaniem Pa\u0144stwa i&nbsp;Pa\u0144stwa dzieci (w tym dzieci, dla kt\u00f3rych s\u0105 Pa\u0144stwo opiekunami prawnymi) danych osobowych informujemy \u2013 zgodnie &nbsp;z&nbsp;<a href=\"https:\/\/sip.legalis.pl\/document-view.seam?documentId=mfrxilrtgm2tsnrrguytsltqmfyc4mzuhaztimztgq\">art.&nbsp;13&nbsp;ust.&nbsp;1&nbsp;i&nbsp;ust. 2<\/a> Rozporz\u0105dzenia Parlamentu Europejskiego i&nbsp;Rady (UE) 2016\/679 z&nbsp;dnia 27.04.2016 r. w&nbsp;sprawie ochrony os\u00f3b fizycznych w&nbsp;zwi\u0105zku z&nbsp;przetwarzaniem danych osobowych i&nbsp;w&nbsp;sprawie swobodnego przep\u0142ywu takich danych oraz uchylenia dyrektywy 95\/46\/WE (og\u00f3lne rozporz\u0105dzenie o&nbsp;ochronie danych) (og\u00f3lne rozporz\u0105dzenie o&nbsp;ochronie danych) (Dz. Urz. UE L z&nbsp;04.05.2016 r., Nr 119, str. 1 oraz Dz. Urz. UE L z&nbsp;23.05.2018 r., Nr 127, str. 2); zwanego dalej w&nbsp;skr\u00f3cie <strong>\u201eRODO\u201d<\/strong>, \u017ce:<\/p>\n\n\n\n<p>I. Administrator danych.<\/p>\n\n\n\n<p>Administratorem Pa\u0144stwa danych osobowych jest <strong>Szko\u0142a Podstawowa nr 5 im. Polskich Noblist\u00f3w w&nbsp;\u015aremie ul. Dezyderego Ch\u0142apowskiego 12A, 63-100 \u015arem<\/strong>.<\/p>\n\n\n\n<p>II. Inspektor ochrony danych.<\/p>\n\n\n\n<p>Administrator wyznaczy\u0142 Inspektora Ochrony Danych, z&nbsp;kt\u00f3rym mo\u017ce si\u0119 Pani\/Pan skontaktowa\u0107 w&nbsp;sprawach zwi\u0105zanych z&nbsp;ochron\u0105 danych osobowych, w&nbsp;nast\u0119puj\u0105cy spos\u00f3b:<\/p>\n\n\n\n<ol class=\"wp-block-list\">\n<li>pod adresem poczty elektronicznej: iod@tmp.pl<\/li>\n\n\n\n<li>pod numerem telefonu: 882&nbsp;155 21<\/li>\n\n\n\n<li>pisemnie na adres: &nbsp;,,TMP\u201d s.c. M. Idaszak, T. Stochnia\u0142ek, ul. Starowiejska 8, 61-664 Pozna\u0144, z&nbsp;dopiskiem \u201eInspektor ochrony danych\u201d.<\/li>\n<\/ol>\n\n\n\n<p>III. Podstawa prawna i&nbsp;cele przetwarzania danych osobowych.<\/p>\n\n\n\n<p>Przetwarzanie Pa\u0144stwa danych osobowych odbywa si\u0119 w&nbsp;zwi\u0105zku z&nbsp;realizacj\u0105 cel\u00f3w o\u015bwiatowych, dydaktycznych, wychowawczych i&nbsp;opieku\u0144czych.<\/p>\n\n\n\n<p><strong>2.&nbsp;<\/strong>Podstaw\u0105 prawn\u0105 zbierania Pa\u0144stwa danych osobowych jest:<\/p>\n\n\n\n<p><strong>2.1.&nbsp;&nbsp;&nbsp; <\/strong>art. 6 ust. 1 lit. <strong>c<\/strong>) RODO, tj.: obowi\u0105zek prawny ci\u0105\u017c\u0105cy na Administratorze wynikaj\u0105cy z&nbsp;powszechnie obowi\u0105zuj\u0105cych przepis\u00f3w prawa, w&nbsp;szczeg\u00f3lno\u015bci ustawy z&nbsp;dnia 14.12.2016 r. Prawo o\u015bwiatowe; ustawy z&nbsp;dnia 07.09.1991 r. o&nbsp;systemie o\u015bwiaty; ustawy z&nbsp;dnia 15.04.2011 r. o&nbsp;systemie informacji o\u015bwiatowej;<\/p>\n\n\n\n<p><strong>2.2.&nbsp;&nbsp;&nbsp; <\/strong>art. 6 ust. 1 lit. <strong>e<\/strong>) RODO, tj.: niezb\u0119dno\u015b\u0107 do wykonania zadania realizowanego w&nbsp;interesie publicznym lub w&nbsp;ramach sprawowania w\u0142adzy publicznej powierzonej administratorowi;<\/p>\n\n\n\n<p><strong>2.3.&nbsp;&nbsp;&nbsp; <\/strong>art. 6 ust. 1 lit. <strong>a<\/strong>) RODO, art. 9 ust. 2 lit. <strong>a<\/strong>) RODO, tj.: wyra\u017cona przez Pana\/Pani\u0105 zgoda na przetwarzanie danych osobowych w&nbsp;okre\u015blonym celu;<\/p>\n\n\n\n<p><strong>2.4.&nbsp;&nbsp;&nbsp; <\/strong>art. 9 ust. 2 lit. <strong>g<\/strong>) RODO, tj.: niezb\u0119dno\u015b\u0107 ze&nbsp;wzgl\u0119d\u00f3w zwi\u0105zanych z&nbsp;wa\u017cnym interesem publicznym.<\/p>\n\n\n\n<p><strong>3.&nbsp;&nbsp;&nbsp;&nbsp;&nbsp;&nbsp; <\/strong>Podaj\u0105c dane dodatkowe (nieobowi\u0105zkowe) traktujemy Pa\u0144stwa zachowanie jako wyra\u017ane dzia\u0142anie potwierdzaj\u0105ce, \u017ce wyra\u017ca Pani\/Pan zgod\u0119, zgodnie z&nbsp;art. 6 ust. 1 lit. a) RODO i\/lub art. 9 ust. 2 lit a) RODO, na ich przetwarzanie dla potrzeb niezb\u0119dnych do za\u0142atwienia Pa\u0144stwa sprawy.<\/p>\n\n\n\n<p><strong>IV. &nbsp;Odbiorcy danych osobowych.<\/strong><\/p>\n\n\n\n<p>Dane osobowe, co do zasady, nie b\u0119d\u0105 przekazywane innym podmiotom, z&nbsp;wyj\u0105tkiem:<\/p>\n\n\n\n<ol class=\"wp-block-list\">\n<li>podmiot\u00f3w uprawnionych do ich przetwarzania na podstawie przepis\u00f3w prawa, w&nbsp;szczeg\u00f3lno\u015bci podmiot\u00f3w publicznych uczestnicz\u0105cych w&nbsp;procesie edukacji, organ\u00f3w w\u0142adzy publicznej;<\/li>\n\n\n\n<li>podmiot\u00f3w wspieraj\u0105cych nas w&nbsp;wype\u0142nianiu naszych uprawnie\u0144 i&nbsp;obowi\u0105zk\u00f3w oraz w&nbsp;\u015bwiadczeniu us\u0142ug, w&nbsp;tym zapewniaj\u0105cych obs\u0142ug\u0119 informatyczn\u0105, us\u0142ugi pocztowe, ochron\u0119 os\u00f3b i&nbsp;mienia, ochron\u0119 danych osobowych, a&nbsp;tak\u017ce dostawc\u00f3w system\u00f3w informatycznych, udzielaj\u0105cych asysty i&nbsp;wsparcia technicznego dla system\u00f3w informatycznych, w&nbsp;kt\u00f3rych s\u0105 przetwarzane Pa\u0144stwa dane.<\/li>\n<\/ol>\n\n\n\n<p><strong>V. Przekazanie danych osobowych do pa\u0144stwa trzeciego.<\/strong><\/p>\n\n\n\n<p>Administrator, co do zasady, nie przekazuje Pa\u0144stwa danych osobowych, do pa\u0144stwa trzeciego lub organizacji mi\u0119dzynarodowej, jednak z&nbsp;uwagi na ponadnarodowy charakter przep\u0142ywu danych w&nbsp;ramach serwis\u00f3w spo\u0142eczno\u015bciowych, mog\u0105 one zosta\u0107 przekazane do pa\u0144stwa trzeciego w&nbsp;zwi\u0105zku z&nbsp;korzystaniem z&nbsp;takich serwis\u00f3w jak Facebook, YouTube. Administrator nie ma jednak kontroli nad tym jakie dane gromadzi dostawca serwis\u00f3w internetowych lub wtyczek. Serwis Facebook mo\u017ce przekazywa\u0107 Pa\u0144stwa dane poza teren Europejskiego Obszaru Gospodarczego (tj. kraje Unii Europejskiej oraz &nbsp;Islandia, Norwegia i&nbsp;Liechtenstein). Zasady przetwarzania Pa\u0144stwa danych osobowych przez Facebook Ireland s\u0105 dost\u0119pne na stronie: https:\/\/www.facebook.com\/privacy\/explanation<\/p>\n\n\n\n<p>YouTube przechowuje Pa\u0144stwa dane jako profile u\u017cytkowania i&nbsp;wykorzystuje je do cel\u00f3w reklamowych, bada\u0144 rynku i&nbsp;\/ lub niestandardowego projektu swojej strony internetowej. Taka ocena jest wykonywana (nawet dla u\u017cytkownik\u00f3w, kt\u00f3rzy nie s\u0105 zalogowani) w&nbsp;szczeg\u00f3lno\u015bci w&nbsp;celu zapewnienia odpowiedniej reklamy i&nbsp;informowania innych u\u017cytkownik\u00f3w sieci spo\u0142eczno\u015bciowej o&nbsp;ich dzia\u0142aniach. Aby dowiedzie\u0107 si\u0119 wi\u0119cej o&nbsp;celu i&nbsp;zakresie gromadzenia i&nbsp;przetwarzania danych przez YouTube, nale\u017cy zapozna\u0107 si\u0119 z&nbsp;polityk\u0105 prywatno\u015bci tego portalu. Pod tym adresem znale\u017a\u0107 mo\u017cna dalsze informacje o&nbsp;przys\u0142uguj\u0105cych Pa\u0144stwu prawach i&nbsp;ustawieniach, jakie mo\u017cna zastosowa\u0107, aby chroni\u0107 swoj\u0105 prywatno\u015b\u0107: https:\/\/www.google.pl\/intl\/pl\/policies\/privacy<\/p>\n\n\n\n<p><strong>VI. Okres przechowywania danych osobowyc<\/strong>h.<\/p>\n\n\n\n<ol class=\"wp-block-list\">\n<li>Pa\u0144stwa dane osobowe b\u0119d\u0105 przechowywane jedynie w&nbsp;okresie niezb\u0119dnym do spe\u0142nienia celu, dla kt\u00f3rego zosta\u0142y zebrane lub w&nbsp;okresie wskazanym przepisami prawa.<\/li>\n\n\n\n<li>Po spe\u0142nieniu celu, dla kt\u00f3rego Pa\u0144stwa dane osobowe zosta\u0142y zebrane, mog\u0105 one by\u0107 przechowywane jedynie w&nbsp;celach archiwalnych, przez okres, kt\u00f3ry wyznaczony zostanie na podstawie przepis\u00f3w prawa.<\/li>\n<\/ol>\n\n\n\n<p><strong>VII. Prawa os\u00f3b, kt\u00f3rych dane dotycz\u0105, w&nbsp;tym dost\u0119pu do danych osobowych.<\/strong><\/p>\n\n\n\n<p>Na zasadach okre\u015blonych przepisami RODO, posiada Pani\/Pan prawo do \u017c\u0105dania od administratora:1.&nbsp;&nbsp;&nbsp;&nbsp; dost\u0119pu do tre\u015bci swoich danych osobowych,<br>2.&nbsp;&nbsp;&nbsp;&nbsp; sprostowania (poprawiania) swoich danych osobowych,<br>3.&nbsp;&nbsp;&nbsp;&nbsp; usuni\u0119cia swoich danych osobowych,<br>4.&nbsp;&nbsp;&nbsp;&nbsp; ograniczenia przetwarzania swoich danych osobowych,<br>5.&nbsp;&nbsp;&nbsp;&nbsp; przenoszenia swoich danych osobowych,<\/p>\n\n\n\n<p>a ponadto, posiada Pani\/Pan prawo do wniesienia sprzeciwu wobec przetwarzania Pa\u0144stwa danych.<\/p>\n\n\n\n<p>Nie wszystkie Pani\/Pan \u017c\u0105dania b\u0119dziemy jednak mogli zawsze spe\u0142ni\u0107. Zakres przys\u0142uguj\u0105cych praw zale\u017cy bowiem zar\u00f3wno od przes\u0142anek prawnych uprawniaj\u0105cych do przetwarzania danych, jak i&nbsp;cz\u0119sto \u2013 sposob\u00f3w ich gromadzenia. &nbsp;<\/p>\n\n\n\n<p><strong>VIII. Prawo do cofni\u0119cia zgody.<\/strong>1.&nbsp;&nbsp;&nbsp;&nbsp; W&nbsp;stosunku do danych osobowych, kt\u00f3re s\u0105 nieobowi\u0105zkowe, a&nbsp;kt\u00f3re zosta\u0142y przez Pani\u0105\/Pana podane, przys\u0142uguje Pani\/Panu prawo do cofni\u0119cia zgody w&nbsp;dowolnym momencie.<br>2.&nbsp;&nbsp;&nbsp;&nbsp; Wycofanie zgody nie ma wp\u0142ywu na przetwarzanie Pa\u0144stwa danych do momentu jej wycofania.<\/p>\n\n\n\n<p><strong>IX. Prawo wniesienia skargi do organu nadzorczego.<\/strong><\/p>\n\n\n\n<p>Gdy uzna Pani\/Pan, i\u017c&nbsp;przetwarzanie Pa\u0144stwa danych osobowych narusza przepisy o&nbsp;ochronie danych osobowych, przys\u0142uguje Pani\/Panu prawo do wniesienia skargi do organu nadzorczego, kt\u00f3rym jest Prezes Urz\u0119du Ochrony Danych Osobowych, z&nbsp;siedzib\u0105 w&nbsp;Warszawie, przy ul. Stawki 2, 00-193 Warszawa.<\/p>\n\n\n\n<p><strong>X. Informacja o&nbsp;wymogu\/dobrowolno\u015bci podania danych oraz konsekwencjach niepodania danych osobowych.<\/strong>&nbsp; &nbsp;1.&nbsp;&nbsp; Podanie przez Pa\u0144stwa danych osobowych mo\u017ce stanowi\u0107 wym\u00f3g ustawowy, a&nbsp;podanie danych by\u0107 niezb\u0119dne dla okre\u015blonego celu. Podanie przez Pa\u0144stwa danych osobowych jest obowi\u0105zkowe w&nbsp;sytuacji, gdy przes\u0142ank\u0119 przetwarzania danych osobowych stanowi przepis prawa. Je\u015bli nie poda Pan\/Pani danych wymaganych ustaw\u0105, Administrator nie b\u0119dzie m\u00f3g\u0142 zrealizowa\u0107 wynikaj\u0105cego z&nbsp;ustawy obowi\u0105zku, co mo\u017ce skutkowa\u0107 brakiem mo\u017cliwo\u015bci realizacji cel\u00f3w wskazanych powy\u017cej (w tym realizacji zada\u0144 wzgl\u0119dem ucznia), a&nbsp;tak\u017ce konsekwencjami przewidzianymi przepisami prawa.<br>&nbsp; &nbsp; 2.&nbsp;&nbsp; Podanie przez Pa\u0144stwa danych dodatkowych (nieobowi\u0105zkowych), w&nbsp;zakresie nie wynikaj\u0105cym z&nbsp;przepis\u00f3w prawa, jest dobrowolne.<\/p>\n\n\n\n<p><strong>XI. Zautomatyzowane podejmowanie decyzji, profilowanie.<\/strong><\/p>\n\n\n\n<p>Pa\u0144stwa dane osobowe mog\u0105 by\u0107 przetwarzane w&nbsp;spos\u00f3b zautomatyzowany, jednak nie b\u0119dzie to prowadzi\u0142o do zautomatyzowanego podejmowania decyzji, w&nbsp;tym dane nie b\u0119d\u0105 profilowane.<\/p>\n\n\n\n<p><strong>B.&nbsp;&nbsp;&nbsp; <\/strong>Je\u017celi dane osobowe nie zosta\u0142y pozyskane bezpo\u015brednio od Pa\u0144stwa, a&nbsp;zosta\u0142y podane przez inne podmioty lub osoby \u2013 zgodnie z&nbsp;<a href=\"https:\/\/sip.legalis.pl\/document-view.seam?documentId=mfrxilrtgm2tsnrrguytsltqmfyc4mzuhaztimztgq\">art.&nbsp;14&nbsp;ust.&nbsp;1&nbsp;lit.&nbsp;d)&nbsp;i&nbsp;ust.&nbsp;2<\/a>&nbsp;lit.&nbsp;f) RODO, informujemy nadto, \u017ce:<\/p>\n\n\n\n<p><strong>I.&nbsp;&nbsp;&nbsp; <\/strong><strong>Kategorie danych.<\/strong><\/p>\n\n\n\n<p>W zale\u017cno\u015bci od okoliczno\u015bci sprawy b\u0119dziemy przetwarza\u0107 mi\u0119dzy innymi nast\u0119puj\u0105ce kategorie Pa\u0144stwa danych osobowych: podstawowe dane identyfikacyjne (np. imi\u0119 i&nbsp;nazwisko), dane teleadresowe i&nbsp;kontaktowe (np. adres zamieszkania, numer telefonu, adres poczty elektronicznej), dane pozwalaj\u0105ce na weryfikacj\u0119 to\u017csamo\u015bci (np. seri\u0119 i&nbsp;numer dowodu osobistego lub innego dokumentu potwierdzaj\u0105cego to\u017csamo\u015b\u0107), dane dotycz\u0105ce pokrewie\u0144stwa. Kategorie danych b\u0119d\u0105 zbierane z&nbsp;poszanowaniem zasady adekwatno\u015bci, maj\u0105c na uwadze cel za\u0142atwienia sprawy i&nbsp;wynika\u0107 b\u0119d\u0105 przede wszystkim z&nbsp;obowi\u0105zuj\u0105cych przepis\u00f3w prawa.<\/p>\n\n\n\n<p><strong>II. <\/strong><strong>\u0179r\u00f3d\u0142o pochodzenia danych osobowych.<\/strong><\/p>\n\n\n\n<p>Pa\u0144stwa dane osobowe pochodzi\u0107 b\u0119d\u0105 od os\u00f3b wyst\u0119puj\u0105cych z&nbsp;\u017c\u0105daniem za\u0142atwienia sprawy (np. rodzic\u00f3w lub opiekun\u00f3w prawnych dziecka), a&nbsp;tak\u017ce ze&nbsp;\u017ar\u00f3de\u0142 publicznych, prowadzonych przez odpowiednie organy administracji publicznej.<\/p>\n\n\n\n<p><\/p>\n","protected":false},"excerpt":{"rendered":"<p>Klauzula informacyjna o&nbsp;przetwarzaniu danych osobowych dla rodzic\u00f3w\/opiekun\u00f3w prawnych i&nbsp;uczni\u00f3w&nbsp;&nbsp; A. W zwi\u0105zku z&nbsp;przetwarzaniem Pa\u0144stwa i&nbsp;Pa\u0144stwa dzieci (w tym dzieci, dla kt\u00f3rych s\u0105 Pa\u0144stwo opiekunami prawnymi) danych osobowych informujemy \u2013 zgodnie &nbsp;z&nbsp;art.&nbsp;13&nbsp;ust.&nbsp;1&nbsp;i&nbsp;ust. 2 Rozporz\u0105dzenia Parlamentu Europejskiego i&nbsp;Rady (UE) 2016\/679 z&nbsp;dnia 27.04.2016 r. w&nbsp;sprawie ochrony os\u00f3b fizycznych w&nbsp;zwi\u0105zku z&nbsp;przetwarzaniem danych osobowych i&nbsp;w&nbsp;sprawie swobodnego przep\u0142ywu takich danych oraz [&hellip;]<\/p>\n","protected":false},"author":1,"featured_media":0,"parent":0,"menu_order":0,"comment_status":"closed","ping_status":"closed","template":"","meta":{"_lmt_disableupdate":"","_lmt_disable":"","footnotes":""},"class_list":["post-182","page","type-page","status-publish","hentry"],"_links":{"self":[{"href":"https:\/\/sp5.srem.pl\/bip\/wp-json\/wp\/v2\/pages\/182","targetHints":{"allow":["GET"]}}],"collection":[{"href":"https:\/\/sp5.srem.pl\/bip\/wp-json\/wp\/v2\/pages"}],"about":[{"href":"https:\/\/sp5.srem.pl\/bip\/wp-json\/wp\/v2\/types\/page"}],"author":[{"embeddable":true,"href":"https:\/\/sp5.srem.pl\/bip\/wp-json\/wp\/v2\/users\/1"}],"replies":[{"embeddable":true,"href":"https:\/\/sp5.srem.pl\/bip\/wp-json\/wp\/v2\/comments?post=182"}],"version-history":[{"count":6,"href":"https:\/\/sp5.srem.pl\/bip\/wp-json\/wp\/v2\/pages\/182\/revisions"}],"predecessor-version":[{"id":334,"href":"https:\/\/sp5.srem.pl\/bip\/wp-json\/wp\/v2\/pages\/182\/revisions\/334"}],"wp:attachment":[{"href":"https:\/\/sp5.srem.pl\/bip\/wp-json\/wp\/v2\/media?parent=182"}],"curies":[{"name":"wp","href":"https:\/\/api.w.org\/{rel}","templated":true}]}}