{"id":19,"date":"2022-03-15T19:59:07","date_gmt":"2022-03-15T18:59:07","guid":{"rendered":"http:\/\/sp5.srem.pl\/bip\/?page_id=19"},"modified":"2022-09-01T19:11:15","modified_gmt":"2022-09-01T17:11:15","slug":"status-prawny","status":"publish","type":"page","link":"https:\/\/sp5.srem.pl\/bip\/informacje\/status-prawny\/","title":{"rendered":"Status prawny"},"content":{"rendered":"\n<p>Szko\u0142\u0119 prowadzi Gmina \u015arem sprawuj\u0105c nadz\u00f3r nad jej dzia\u0142alno\u015bci\u0105 w&nbsp;zakresie spraw<br>finansowych i&nbsp;administracyjnych.<\/p>\n\n\n\n<p>Szko\u0142a&nbsp; jest&nbsp; jednostk\u0105&nbsp; dzia\u0142aj\u0105c\u0105&nbsp; na&nbsp; zasadzie&nbsp; jednostki&nbsp; bud\u017cetowej.<\/p>\n\n\n\n<p>Organem&nbsp; sprawuj\u0105cym&nbsp; nadz\u00f3r&nbsp; pedagogiczny&nbsp; nad&nbsp; szko\u0142\u0105&nbsp; jest Kuratorium&nbsp; O\u015bwiaty w&nbsp;Poznaniu.<\/p>\n\n\n\n<p>Szko\u0142a realizuje cele i&nbsp;zadania okre\u015blone w&nbsp;ustawie o&nbsp;systemie o\u015bwiaty, respektuje zasady nauk&nbsp; pedagogicznych,&nbsp; przepisy&nbsp; prawa,&nbsp; a&nbsp; tak\u017ce&nbsp; zobowi\u0105zania&nbsp; wynikaj\u0105ce z&nbsp;Powszechnej Deklaracji Praw Cz\u0142owieka ONZ i&nbsp;Konwencji Praw Dziecka ONZ.<\/p>\n\n\n\n<ul class=\"wp-block-list\"><li>Dyrektor;<\/li><li>Rada Pedagogiczna;<\/li><li>Samorz\u0105d Uczniowski;<\/li><li>Rada Rodzic\u00f3w.<\/li><\/ul>\n\n\n\n<p>Organami Szko\u0142y Podstawowej nr 5 w&nbsp;\u015aremie s\u0105:<\/p>\n\n\n\n<p><a href=\"http:\/\/sp5.srem.pl\/bip\/wp-content\/uploads\/2022\/09\/Akt-zalozycielski.pdf\">Akt za\u0142o\u017cycielski<\/a><\/p>\n","protected":false},"excerpt":{"rendered":"<p>Szko\u0142\u0119 prowadzi Gmina \u015arem sprawuj\u0105c nadz\u00f3r nad jej dzia\u0142alno\u015bci\u0105 w&nbsp;zakresie sprawfinansowych i&nbsp;administracyjnych. Szko\u0142a&nbsp; jest&nbsp; jednostk\u0105&nbsp; dzia\u0142aj\u0105c\u0105&nbsp; na&nbsp; zasadzie&nbsp; jednostki&nbsp; bud\u017cetowej. Organem&nbsp; sprawuj\u0105cym&nbsp; nadz\u00f3r&nbsp; pedagogiczny&nbsp; nad&nbsp; szko\u0142\u0105&nbsp; jest Kuratorium&nbsp; O\u015bwiaty w&nbsp;Poznaniu. Szko\u0142a realizuje cele i&nbsp;zadania okre\u015blone w&nbsp;ustawie o&nbsp;systemie o\u015bwiaty, respektuje zasady nauk&nbsp; pedagogicznych,&nbsp; przepisy&nbsp; prawa,&nbsp; a&nbsp; tak\u017ce&nbsp; zobowi\u0105zania&nbsp; wynikaj\u0105ce z&nbsp;Powszechnej Deklaracji Praw Cz\u0142owieka ONZ i&nbsp;Konwencji Praw [&hellip;]<\/p>\n","protected":false},"author":1,"featured_media":0,"parent":13,"menu_order":0,"comment_status":"closed","ping_status":"closed","template":"","meta":{"_lmt_disableupdate":"","_lmt_disable":"","footnotes":""},"class_list":["post-19","page","type-page","status-publish","hentry"],"_links":{"self":[{"href":"https:\/\/sp5.srem.pl\/bip\/wp-json\/wp\/v2\/pages\/19","targetHints":{"allow":["GET"]}}],"collection":[{"href":"https:\/\/sp5.srem.pl\/bip\/wp-json\/wp\/v2\/pages"}],"about":[{"href":"https:\/\/sp5.srem.pl\/bip\/wp-json\/wp\/v2\/types\/page"}],"author":[{"embeddable":true,"href":"https:\/\/sp5.srem.pl\/bip\/wp-json\/wp\/v2\/users\/1"}],"replies":[{"embeddable":true,"href":"https:\/\/sp5.srem.pl\/bip\/wp-json\/wp\/v2\/comments?post=19"}],"version-history":[{"count":3,"href":"https:\/\/sp5.srem.pl\/bip\/wp-json\/wp\/v2\/pages\/19\/revisions"}],"predecessor-version":[{"id":216,"href":"https:\/\/sp5.srem.pl\/bip\/wp-json\/wp\/v2\/pages\/19\/revisions\/216"}],"up":[{"embeddable":true,"href":"https:\/\/sp5.srem.pl\/bip\/wp-json\/wp\/v2\/pages\/13"}],"wp:attachment":[{"href":"https:\/\/sp5.srem.pl\/bip\/wp-json\/wp\/v2\/media?parent=19"}],"curies":[{"name":"wp","href":"https:\/\/api.w.org\/{rel}","templated":true}]}}