{"id":23,"date":"2022-03-15T19:59:39","date_gmt":"2022-03-15T18:59:39","guid":{"rendered":"http:\/\/sp5.srem.pl\/bip\/?page_id=23"},"modified":"2022-11-01T19:39:56","modified_gmt":"2022-11-01T18:39:56","slug":"program-wychowawczo-profilaktyczny","status":"publish","type":"page","link":"https:\/\/sp5.srem.pl\/bip\/informacje\/program-wychowawczo-profilaktyczny\/","title":{"rendered":"Program wychowawczo-profilaktyczny"},"content":{"rendered":"\n<p><a href=\"http:\/\/sp5.srem.pl\/bip\/wp-content\/uploads\/2022\/10\/program-wychowawczo-profilaktyczny.pdf\" data-type=\"URL\" data-id=\"http:\/\/sp5.srem.pl\/bip\/wp-content\/uploads\/2022\/10\/program-wychowawczo-profilaktyczny.pdf\" target=\"_blank\" rel=\"noreferrer noopener\">Program Wychowawczo-Profilaktyczny Szko\u0142y Podstawowej nr 5 im. Polskich Noblist\u00f3w w \u015aremie.<\/a><\/p>\n","protected":false},"excerpt":{"rendered":"<p>Program Wychowawczo-Profilaktyczny Szko\u0142y Podstawowej nr 5 im. Polskich Noblist\u00f3w w \u015aremie.<\/p>\n","protected":false},"author":1,"featured_media":0,"parent":13,"menu_order":0,"comment_status":"closed","ping_status":"closed","template":"","meta":{"_lmt_disableupdate":"","_lmt_disable":"","footnotes":""},"class_list":["post-23","page","type-page","status-publish","hentry"],"_links":{"self":[{"href":"https:\/\/sp5.srem.pl\/bip\/wp-json\/wp\/v2\/pages\/23","targetHints":{"allow":["GET"]}}],"collection":[{"href":"https:\/\/sp5.srem.pl\/bip\/wp-json\/wp\/v2\/pages"}],"about":[{"href":"https:\/\/sp5.srem.pl\/bip\/wp-json\/wp\/v2\/types\/page"}],"author":[{"embeddable":true,"href":"https:\/\/sp5.srem.pl\/bip\/wp-json\/wp\/v2\/users\/1"}],"replies":[{"embeddable":true,"href":"https:\/\/sp5.srem.pl\/bip\/wp-json\/wp\/v2\/comments?post=23"}],"version-history":[{"count":5,"href":"https:\/\/sp5.srem.pl\/bip\/wp-json\/wp\/v2\/pages\/23\/revisions"}],"predecessor-version":[{"id":306,"href":"https:\/\/sp5.srem.pl\/bip\/wp-json\/wp\/v2\/pages\/23\/revisions\/306"}],"up":[{"embeddable":true,"href":"https:\/\/sp5.srem.pl\/bip\/wp-json\/wp\/v2\/pages\/13"}],"wp:attachment":[{"href":"https:\/\/sp5.srem.pl\/bip\/wp-json\/wp\/v2\/media?parent=23"}],"curies":[{"name":"wp","href":"https:\/\/api.w.org\/{rel}","templated":true}]}}