{"id":27,"date":"2022-03-15T20:00:13","date_gmt":"2022-03-15T19:00:13","guid":{"rendered":"http:\/\/sp5.srem.pl\/bip\/?page_id=27"},"modified":"2023-08-30T08:16:04","modified_gmt":"2023-08-30T06:16:04","slug":"aktualnosci","status":"publish","type":"page","link":"https:\/\/sp5.srem.pl\/bip\/aktualnosci\/","title":{"rendered":"Aktualno\u015bci"},"content":{"rendered":"\n<p><\/p>\n\n\n\n<p class=\"has-text-align-center\"><strong>Informacja o wygranej przetargu na sklepik szkolny<\/strong><\/p>\n\n\n\n<p>W dniu 18.08.2023 r. godz. 9.30 ustalonym jako termin otwarcia ofert Szko\u0142y Podstawowej nr 5 im. Polskich Noblist\u00f3w wybrano ofert\u0119 firmy Vesta Agnieszka Nowak ; os. Olszynka 1e\/3; 62-050 Krosno. Oferent spe\u0142nia wymogi formalne.<\/p>\n\n\n\n<p class=\"has-text-align-right\">Dyrektor szko\u0142y<\/p>\n\n\n\n<p class=\"has-text-align-right\">Karolina Worobiew<\/p>\n\n\n\n<p><\/p>\n\n\n\n<p class=\"has-text-align-right\">\u015arem, dn. 01.08.2023<\/p>\n\n\n\n<div class=\"wp-block-group\"><div class=\"wp-block-group__inner-container is-layout-constrained wp-block-group-is-layout-constrained\">\n<p class=\"has-text-align-center\"><strong>Og\u0142oszenie o przetargu na sklepik szkolny<\/strong><\/p>\n\n\n\n<p>Dyrektor Szko\u0142y Podstawowej Nr 5 im. Polskich Noblist\u00f3w w \u015aremie podaje do publicznej wiadomo\u015bci, i\u017c wszczyna post\u0119powanie przetargowe na wynajem pomieszczenia na sklepik szkolny w budynku szko\u0142y przy ul. D. Ch\u0142apowskiego 12A w \u015aremie. Oferty nale\u017cy sk\u0142ada\u0107 w siedzibie szko\u0142y przy ul. Ch\u0142apowskiego 12A w \u015aremie do dnia <strong>18 sierpnia 2023 r<\/strong>. do godz. 9.15 \u2013 sekretariat. Otwarcie ofert odb\u0119dzie si\u0119 <strong>18 sierpnia 2023 r<\/strong>. o godz. 9.30.<\/p>\n\n\n\n<p>Oferta wraz z za\u0142\u0105cznikami dost\u0119pne s\u0105 na stronie internetowej szko\u0142y <a href=\"http:\/\/www.sp5.srem.pl\">www.sp5.srem.pl<\/a>&nbsp;&nbsp;&nbsp;&nbsp;&nbsp;&nbsp;<\/p>\n\n\n\n<p class=\"has-text-align-right\">podpisa\u0142<\/p>\n\n\n\n<p class=\"has-text-align-right\">Dyrektor Karolina Worobiew<\/p>\n<\/div><\/div>\n\n\n\n<p><\/p>\n\n\n\n<p class=\"has-text-align-right\">\u015arem, 07.08.2023r.<\/p>\n\n\n\n<p class=\"has-text-align-center\"><strong>ZAPYTANIE OFERTOWE<\/strong><\/p>\n\n\n\n<p>dla kt\u00f3rego nie stosuje si\u0119 procedur zawartych w ustawie Prawo zam\u00f3wie\u0144 publicznych na us\u0142ug\u0119 przygotowania i dostarczenia ciep\u0142ego posi\u0142ku&nbsp; dla dzieci, kt\u00f3re b\u0119d\u0105 ucz\u0119szcza\u0142y do Szko\u0142y Podstawowej nr 5 im Polskich Noblist\u00f3w w \u015aremie.<\/p>\n\n\n\n<ol class=\"wp-block-list\" type=\"1\" start=\"1\">\n<li><strong>I.&nbsp;&nbsp;&nbsp;&nbsp;&nbsp;&nbsp;Zamawiaj\u0105cy<\/strong><\/li>\n<\/ol>\n\n\n\n<p>Szko\u0142a Podstawowa nr 5 im. Polskich Noblist\u00f3w; ul. Ch\u0142apowskiego 12a; 63-100 \u015arem<\/p>\n\n\n\n<p>Tel. 612834414<\/p>\n\n\n\n<ol class=\"wp-block-list\" type=\"1\" start=\"1\">\n<li><strong>II.&nbsp;&nbsp;&nbsp;&nbsp;Przedmiot zam\u00f3wienia:<\/strong><\/li>\n<\/ol>\n\n\n\n<p>Us\u0142uga przygotowania i dostarczenia ciep\u0142ego posi\u0142ku&nbsp; dla dzieci, kt\u00f3re b\u0119d\u0105 ucz\u0119szcza\u0142y do Szko\u0142y Podstawowej nr 5 im Polskich Noblist\u00f3w w \u015aremie.<\/p>\n\n\n\n<p><strong>III.&nbsp;&nbsp;Opis przedmiotu zam\u00f3wienia:<\/strong><\/p>\n\n\n\n<ol class=\"wp-block-list\" type=\"1\" start=\"1\">\n<li>Przedmiotem zam\u00f3wienia jest us\u0142uga przygotowania i dostarczenia ciep\u0142ego posi\u0142ku&nbsp; dla oko\u0142o 300 &nbsp;dzieci &nbsp;wieku szkolnym 7 do 15 &nbsp;lat, kt\u00f3re b\u0119d\u0105 ucz\u0119szcza\u0107 do szko\u0142y.<\/li>\n\n\n\n<li>Przedmiot zam\u00f3wienia obejmuje przygotowanie jednego ciep\u0142ego posi\u0142ku dziennie<br>w okresie 11.09.2023-20.06.2024 r w dni robocze, tj. od poniedzia\u0142ku do pi\u0105tku,<br>z wy\u0142\u0105czeniem dni ustawowo lub dodatkowo wolnych od zaj\u0119\u0107 w szkole.<\/li>\n<\/ol>\n\n\n\n<p>Przedmiot zam\u00f3wienia obejmuje przygotowanie zupy lub dwudaniowego obiadu&nbsp; dla oko\u0142o 300 &nbsp;uczni\u00f3w w okresie od 11.09.2023- 20.06.2024r. w dni robocze tj. od poniedzia\u0142ku do pi\u0105tku,<br>z wy\u0142\u0105czeniem okresu przerw \u015bwi\u0105tecznych, dni ustawowo lub dodatkowo wolnych od zaj\u0119\u0107<br>w szkole:<\/p>\n\n\n\n<ol class=\"wp-block-list\" type=\"1\" start=\"1\">\n<li>Produkty w dziennym jad\u0142ospisie musz\u0105 by\u0107 zgodne z Rozporz\u0105dzeniem Ministra Zdrowia z dnia 26 lipca 2016r. w sprawie grup \u015brodk\u00f3w spo\u017cywczych przeznaczonych do sprzeda\u017cy dzieciom i m\u0142odzie\u017cy w jednostkach systemu o\u015bwiaty oraz wymaga\u0144, jakie musz\u0105 spe\u0142nia\u0107 \u015brodki spo\u017cywcze stosowane w ramach \u017cywienia zbiorowego dzieci i m\u0142odzie\u017cy w tych jednostkach (Dz. U. z 2016r., poz. 1154) oraz tabelami kalorycznymi dostosowanymi do wieku dzieci zawartego w zapytaniu ofertowym.<\/li>\n\n\n\n<li>&nbsp;Proces przygotowywania oraz dostarczania posi\u0142k\u00f3w odbywa\u0107 si\u0119 musi zgodnie<br>z wymogami sanitarnymi, zw\u0142aszcza wymogami dobrej praktyki higienicznej.<\/li>\n\n\n\n<li>Posi\u0142ki b\u0119d\u0105 przygotowywane przez osoby posiadaj\u0105ce za\u015bwiadczenie lekarskie z bada\u0144 przeprowadzonych do cel\u00f3w sanitarno-epidemiologicznych w zak\u0142adzie spe\u0142niaj\u0105cym wymagania higieniczno-sanitarne dla zak\u0142ad\u00f3w produkcyjnych lub wprowadzaj\u0105cych do obrotu posi\u0142ki, \u015brodki spo\u017cywcze.<\/li>\n\n\n\n<li>Wykonawca zobowi\u0105zany jest do zachowania diet pokarmowych w zale\u017cno\u015bci od indywidualnych potrzeb dzieci, zgodnie z informacj\u0105 otrzyman\u0105 od zamawiaj\u0105cego (np.: posi\u0142ki z zaleceniami diety bezmlecznej, bezglutenowej, uwzgl\u0119dnienie indywidualnych potrzeb alergik\u00f3w). Posi\u0142ki musz\u0105 by\u0107 urozmaicone oraz wysokiej jako\u015bci, zar\u00f3wno do warto\u015bci od\u017cywczej, gramatury jak i estetyki, a tak\u017ce uwzgl\u0119dnia\u0107 polsk\u0105 tradycj\u0119 kulinarn\u0105.<\/li>\n\n\n\n<li>Jad\u0142ospis uk\u0142adany b\u0119dzie przez Wykonawc\u0119 na okres 10 dni roboczych i dostarczany Zamawiaj\u0105cemu do zatwierdzenia przed rozpocz\u0119ciem ka\u017cdego kolejnego miesi\u0105ca \u015bwiadczenia us\u0142ug. Zamawiaj\u0105cy ma prawo do dokonania zmian w jad\u0142ospisie.<\/li>\n\n\n\n<li>Wykonawca zobowi\u0105zuje si\u0119 dostarcza\u0107 posi\u0142ki w godzinach ustalonych pomi\u0119dzy zamawiaj\u0105cym a wykonawc\u0105. Posi\u0142ki powinny by\u0107 dostarczane w termosach<br>i pojemnikach, na kt\u00f3re Wykonawca posiada odpowiednie atesty i certyfikaty.<\/li>\n\n\n\n<li>Transport posi\u0142k\u00f3w powinien odbywa\u0107 si\u0119 samochodem przystosowanym do przewozu \u017cywno\u015bci, na kt\u00f3ry Wykonawca posiada odpowiednie dokumenty potwierdzaj\u0105ce dostosowanie pojazdu.<\/li>\n\n\n\n<li>Do obowi\u0105zku Wykonawcy nale\u017ce\u0107 b\u0119dzie codzienny odbi\u00f3r pojemnik\u00f3w i odpad\u00f3w pokonsumpcyjnych niezale\u017cnie od ich ilo\u015bci. Pojemniki zabierane b\u0119d\u0105 w nast\u0119pnym dniu dostawy posi\u0142k\u00f3w. Wykonawca zapewnia mycie i dezynfekcje we w\u0142asnych pomieszczeniach termos\u00f3w i opakowa\u0144, w kt\u00f3rych b\u0119d\u0105 dostarczane posi\u0142ki, zgodnie<br>z zasadami i przepisami sanitarnymi i mikrobiologicznymi oraz normami HACCP.<\/li>\n\n\n\n<li>Wykonawca jest gotowy do realizowania przedmiotu zam\u00f3wienia w przypadku zak\u0142\u00f3cenia procesu technologicznego (z przyczyn niezale\u017cnych, braku energii elektrycznej, braku wody itp.) wytwarzanych posi\u0142k\u00f3w, jest zobowi\u0105zany zapewni\u0107 posi\u0142ki o tej samej jako\u015bci na sw\u00f3j koszt innych \u017ar\u00f3de\u0142.<\/li>\n\n\n\n<li>Ilo\u015b\u0107 wydawanych posi\u0142k\u00f3w uzale\u017cniona b\u0119dzie od frekwencji dzieci w&nbsp; Szkole. Zamawiaj\u0105cy zastrzega sobie prawo do zmiany ilo\u015bci dzieci i ilo\u015bci dostarczanych posi\u0142k\u00f3w zgodnie z rzeczywist\u0105 potrzeb\u0105. Rozliczenia finansowe Wykonawcy us\u0142ugi<br>z Zamawiaj\u0105cym odbywa\u0107 si\u0119 b\u0119dzie na podstawie faktycznie dostarczonych posi\u0142k\u00f3w i ceny brutto jednodniowego posi\u0142ku dla jednego dziecka. W przypadku wzmo\u017conej zachorowalno\u015bci lub nieobecno\u015bci dzieci, zamawiaj\u0105cemu przys\u0142uguje prawo do ograniczenia ilo\u015bci posi\u0142k\u00f3w z zastrze\u017ceniem dokonania uprzedzenia o takim fakcie wykonawcy.<\/li>\n\n\n\n<li>O liczbie posi\u0142k\u00f3w na dany dzie\u0144 Wykonawca b\u0119dzie informowany&nbsp; w dniu wykonania us\u0142ugi, czyli tego samego dnia do godz. 8.30.<\/li>\n\n\n\n<li>Posi\u0142ki powinny by\u0107 dostarczane do Szko\u0142y Podstawowej nr 5 ul. Ch\u0142apowskiego 12 A &nbsp;w \u015aremie w godzinach ustalonych mi\u0119dzy Zamawiaj\u0105cym a Wykonawc\u0105 podczas zawierania szczeg\u00f3\u0142owej umowy. W sytuacjach szczeg\u00f3lnych istnieje mo\u017cliwo\u015b\u0107 zmiany godzin dostarczenia posi\u0142k\u00f3w z jednodniowym wyprzedzeniem zar\u00f3wno przez Zamawiaj\u0105cego, jak i Wykonawc\u0119.<\/li>\n\n\n\n<li>Cena jednostkowa posi\u0142ku powinna zawiera\u0107 koszt &nbsp;tzw. \u201ewsadu do kot\u0142a\u201d , koszt przygotowania i dostarczania. W cenie oferty nale\u017cy uwzgl\u0119dni\u0107 koszt posi\u0142k\u00f3w standardowych i dietetycznych w razie konieczno\u015bci.<\/li>\n<\/ol>\n\n\n\n<p><strong>IV. Warunki udzia\u0142u w zapytaniu ofertowym:<\/strong><\/p>\n\n\n\n<p>Ofert\u0119 mo\u017ce z\u0142o\u017cy\u0107 Wykonawca, kt\u00f3ry:<\/p>\n\n\n\n<ol class=\"wp-block-list\" type=\"1\">\n<li>Posiadania uprawnienia do wykonywania okre\u015blonej dzia\u0142alno\u015bci lub czynno\u015bci, je\u017celi przepisy prawa nak\u0142adaj\u0105 obowi\u0105zek ich posiadania tj. posiada aktualne zezwolenia Stacji Sanitarno-Epidemiologicznej stwierdzaj\u0105ce spe\u0142nienie wymaga\u0144 higieniczno-zdrowotnych do \u017cywienia zbiorowego oraz mo\u017cliwo\u015bci prowadzenia cateringu<\/li>\n<\/ol>\n\n\n\n<ol class=\"wp-block-list\" type=\"1\" start=\"2\">\n<li>Posiada niezb\u0119dn\u0105 wiedz\u0119 i do\u015bwiadczenie oraz dysponuje potencja\u0142em technicznym, ekonomicznym i osobami zdolnymi do wykonania zam\u00f3wienia.<\/li>\n\n\n\n<li>Rozliczy si\u0119 z Zamawiaj\u0105cym na podstawie faktury VAT\/noty obci\u0105\u017ceniowej.<\/li>\n\n\n\n<li>Znajduje si\u0119 w sytuacji ekonomicznej i finansowej zapewniaj\u0105cej wykonanie zam\u00f3wienia.<\/li>\n<\/ol>\n\n\n\n<p><strong>V. Zakres wykluczenia wykonawc\u00f3w w przedmiotowym zapytaniu ofertowym:<\/strong><\/p>\n\n\n\n<p>Zamawiaj\u0105cy nie mo\u017ce udziela\u0107 zam\u00f3wienia podmiotom powi\u0105zanym z nim osobowo lub kapita\u0142owo. Przez powi\u0105zania kapita\u0142owe lub osobowe rozumie si\u0119 wzajemne powi\u0105zania mi\u0119dzy Zamawiaj\u0105cym lub osobami upowa\u017cnionymi do zaci\u0105gania zobowi\u0105za\u0144 w imieniu Zamawiaj\u0105cego lub osobami wykonuj\u0105cymi w imieniu Zamawiaj\u0105cego czynno\u015bci zwi\u0105zane<br>z przygotowaniem i przeprowadzeniem procedury wyboru Wykonawcy a Wykonawc\u0105, polegaj\u0105ce w szczeg\u00f3lno\u015bci na:<\/p>\n\n\n\n<ol class=\"wp-block-list\" type=\"1\" start=\"1\">\n<li>Uczestniczeniu w sp\u00f3\u0142ce jako wsp\u00f3lnik sp\u00f3\u0142ki cywilnej lub sp\u00f3\u0142ki osobowej;<\/li>\n\n\n\n<li>&nbsp;Posiadaniu co najmniej 10% udzia\u0142\u00f3w lub akcji<\/li>\n\n\n\n<li>Pe\u0142nieniu funkcji cz\u0142onka organu nadzorczego lub zarz\u0105dzaj\u0105cego, prokurenta, pe\u0142nomocnika;<\/li>\n\n\n\n<li>Pozostawaniu w zwi\u0105zku ma\u0142\u017ce\u0144skim, w stosunku pokrewie\u0144stwa lub powinowactwa w linii prostej, pokrewie\u0144stwa lub powinowactwa w linii bocznej do drugiego stopnia lub w stosunku przysposobienia opieki lub kurateli. W ofercie wykonawca winien z\u0142o\u017cy\u0107 o\u015bwiadczenie o braku ww. powi\u0105za\u0144 (Za\u0142\u0105cznik Nr 2 Zapytania Ofertowego)<\/li>\n<\/ol>\n\n\n\n<p><strong>VI. Zamawiaj\u0105cy nie dopuszcza mo\u017cliwo\u015bci sk\u0142adania ofert cz\u0119\u015bciowych.<\/strong><\/p>\n\n\n\n<p><strong>VII. Spos\u00f3b obliczania ceny oferty:<\/strong><\/p>\n\n\n\n<p>Cena oferty musi by\u0107 podana w walucie PLN cyfrowo i s\u0142ownie.<\/p>\n\n\n\n<p>Nale\u017cy poda\u0107 cen\u0119 netto, podatek VAT i cen\u0119 brutto za&nbsp;zup\u0119 &nbsp;oraz obiad dwudaniowy dla uczni\u00f3w Szko\u0142y&nbsp;zgodnie z przedmiotem zam\u00f3wienia. Cena podana w ofercie powinna obejmowa\u0107 wszystkie koszty i sk\u0142adniki zwi\u0105zane z wykonaniem zam\u00f3wienia. Cena nie b\u0119dzie mog\u0142a ulec zwi\u0119kszeniu przez ca\u0142y okres trwania umowy. Wykonawca nie b\u0119dzie m\u00f3g\u0142 \u017c\u0105da\u0107 dodatkowej zap\u0142aty, je\u017celi na etapie realizacji oka\u017ce si\u0119, ze nie uwzgl\u0119dni\u0142 wszystkich element\u00f3w niezb\u0119dnych do kompleksowego wykonania przedmiotu niniejszego zam\u00f3wienia.<\/p>\n\n\n\n<p><strong>VIII. Kryterium wyboru oferty:<\/strong><\/p>\n\n\n\n<p>Przy wyborze oferty Zamawiaj\u0105cy kierowa\u0107 si\u0119 b\u0119dzie nast\u0119puj\u0105cymi kryteriami:<\/p>\n\n\n\n<p>&#8211; cena oferty \u2013 koszt \u201ewsadu do kot\u0142a\u201d w stosunku do koszt\u00f3w pozosta\u0142ych powinien by\u0107 &gt;1<\/p>\n\n\n\n<p><strong>VIII. Spos\u00f3b przygotowania oferty:<\/strong><\/p>\n\n\n\n<p>Oferta powinna posiada\u0107 dat\u0119 sporz\u0105dzenia, adres oferenta, numer telefonu, NIP, podpis Wykonawcy oraz powinna zawiera\u0107 nast\u0119puj\u0105ce dokumenty:<\/p>\n\n\n\n<ol class=\"wp-block-list\" type=\"1\" start=\"1\">\n<li>Dokumenty potwierdzaj\u0105ce posiadanie odpowiednich uprawnie\u0144 do wykonywania okre\u015blonej dzia\u0142alno\u015bci lub czynno\u015bci (kserokopi\u0119).<\/li>\n\n\n\n<li>O\u015bwiadczenie Wykonawcy o dysponowaniu odpowiednim potencja\u0142em technicznym oraz osobami zdolnymi do wykonania zam\u00f3wienia.<\/li>\n\n\n\n<li>Formularz Oferty (Za\u0142\u0105cznik Nr 1 do zapytania ofertowego),<\/li>\n\n\n\n<li>O\u015bwiadczenie Wykonawcy (Za\u0142\u0105cznik Nr 2 do zapytania ofertowego)<\/li>\n\n\n\n<li>O\u015bwiadczenie (Za\u0142\u0105cznik Nr 3 do zapytania ofertowego)<\/li>\n\n\n\n<li>Przyk\u0142adowy jad\u0142ospis, zawieraj\u0105cy wytyczne zgodne z Rozporz\u0105dzenie Ministra Zdrowia oraz grupami wiekowymi wykazanymi w zapytaniu.<\/li>\n<\/ol>\n\n\n\n<p><strong>IX. Termin i miejsce sk\u0142adania ofert<\/strong><\/p>\n\n\n\n<ol class=\"wp-block-list\" type=\"1\" start=\"1\">\n<li>Oferta winna by\u0107 dostarczona w zamkni\u0119tej kopercie z dopiskiem: \u201e Us\u0142uga przygotowania i dostarczenia ciep\u0142ego posi\u0142ku&nbsp; dla dzieci, kt\u00f3re b\u0119d\u0105 ucz\u0119szcza\u0142y do Szko\u0142y Podstawowej nr 5 im Polskich Noblist\u00f3w w \u015aremie<\/li>\n\n\n\n<li>Na kopercie nale\u017cy umie\u015bci\u0107 dane adresowe oferenta.<\/li>\n\n\n\n<li>&nbsp;Oferty nale\u017cy sk\u0142ada\u0107 osobi\u015bcie w sekretariacie&nbsp; Szko\u0142y Podstawowej nr 5<br>ul. Ch\u0142apowskiego 12a; 63-100 \u015arem&nbsp; lub przes\u0142a\u0107 listownie na adres Zamawiaj\u0105cego.<\/li>\n\n\n\n<li>Termin sk\u0142adania ofert \u2013 31.08.2023 r., godz. 12:00, siedziba Zamawiaj\u0105cego \u2013 Szko\u0142a Podstawowa nr 5&nbsp; im. Polskich Noblist\u00f3w&nbsp; ul. Ch\u0142apowskiego 12A w \u015aremie<\/li>\n<\/ol>\n\n\n\n<p><strong>X. Pozosta\u0142e informacje:<\/strong><\/p>\n\n\n\n<ol class=\"wp-block-list\" type=\"1\" start=\"1\">\n<li>W przypadku przedstawienia oferty niezgodnej z niniejszym zapytaniem ofertowym lub nie spe\u0142nienia warunk\u00f3w udzia\u0142u w post\u0119powaniu oferta Wykonawcy zostanie odrzucona z niniejszego post\u0119powania i nie b\u0119dzie dalej uwzgl\u0119dniana przy ocenie.<\/li>\n\n\n\n<li>Zamawiaj\u0105cy zastrzega sobie prawo do:<\/li>\n<\/ol>\n\n\n\n<p>&#8211; zmiany lub uniewa\u017cnienia niniejszego og\u0142oszenia,<\/p>\n\n\n\n<p>&#8211; zmiany warunk\u00f3w lub termin\u00f3w prowadzonego post\u0119powania ofertowego,<\/p>\n\n\n\n<p>&#8211; uniewa\u017cnienia post\u0119powania na ka\u017cdym jego etapie bez podania przyczyny, a tak\u017ce&nbsp;do pozostawienia post\u0119powania bez wyboru oferty.<\/p>\n\n\n\n<p>&#8211; wezwanie Wykonawcy do z\u0142o\u017cenia wyja\u015bnie\u0144 i\/lub uzupe\u0142nienia z\u0142o\u017conej oferty.<\/p>\n\n\n\n<p>&#8211; wyb\u00f3r najkorzystniejszej oferty jest ostateczny i nie podlega procedurze odwo\u0142awczej.<\/p>\n\n\n\n<p><\/p>\n\n\n\n<p><a href=\"http:\/\/sp5.srem.pl\/bip\/wp-content\/uploads\/2023\/08\/zal-1-obiady.pdf\" target=\"_blank\" rel=\"noreferrer noopener\">Za\u0142\u0105cznik nr 1<\/a><\/p>\n\n\n\n<p><a href=\"http:\/\/sp5.srem.pl\/bip\/wp-content\/uploads\/2023\/08\/zal-2-obiady.pdf\" target=\"_blank\" rel=\"noreferrer noopener\">Za\u0142\u0105cznik nr 2<\/a><\/p>\n\n\n\n<p><a href=\"http:\/\/sp5.srem.pl\/bip\/wp-content\/uploads\/2023\/08\/zal-3-obiady.pdf\" target=\"_blank\" rel=\"noreferrer noopener\">Za\u0142\u0105cznik nr 3<\/a><\/p>\n","protected":false},"excerpt":{"rendered":"<p>Informacja o wygranej przetargu na sklepik szkolny W dniu 18.08.2023 r. godz. 9.30 ustalonym jako termin otwarcia ofert Szko\u0142y Podstawowej nr 5 im. Polskich Noblist\u00f3w wybrano ofert\u0119 firmy Vesta Agnieszka Nowak ; os. Olszynka 1e\/3; 62-050 Krosno. Oferent spe\u0142nia wymogi formalne. Dyrektor szko\u0142y Karolina Worobiew \u015arem, dn. 01.08.2023 Og\u0142oszenie o przetargu na sklepik szkolny Dyrektor [&hellip;]<\/p>\n","protected":false},"author":1,"featured_media":0,"parent":0,"menu_order":0,"comment_status":"closed","ping_status":"closed","template":"","meta":{"_lmt_disableupdate":"","_lmt_disable":"","footnotes":""},"class_list":["post-27","page","type-page","status-publish","hentry"],"_links":{"self":[{"href":"https:\/\/sp5.srem.pl\/bip\/wp-json\/wp\/v2\/pages\/27","targetHints":{"allow":["GET"]}}],"collection":[{"href":"https:\/\/sp5.srem.pl\/bip\/wp-json\/wp\/v2\/pages"}],"about":[{"href":"https:\/\/sp5.srem.pl\/bip\/wp-json\/wp\/v2\/types\/page"}],"author":[{"embeddable":true,"href":"https:\/\/sp5.srem.pl\/bip\/wp-json\/wp\/v2\/users\/1"}],"replies":[{"embeddable":true,"href":"https:\/\/sp5.srem.pl\/bip\/wp-json\/wp\/v2\/comments?post=27"}],"version-history":[{"count":17,"href":"https:\/\/sp5.srem.pl\/bip\/wp-json\/wp\/v2\/pages\/27\/revisions"}],"predecessor-version":[{"id":374,"href":"https:\/\/sp5.srem.pl\/bip\/wp-json\/wp\/v2\/pages\/27\/revisions\/374"}],"wp:attachment":[{"href":"https:\/\/sp5.srem.pl\/bip\/wp-json\/wp\/v2\/media?parent=27"}],"curies":[{"name":"wp","href":"https:\/\/api.w.org\/{rel}","templated":true}]}}