{"id":31,"date":"2022-03-15T20:01:04","date_gmt":"2022-03-15T19:01:04","guid":{"rendered":"http:\/\/sp5.srem.pl\/bip\/?page_id=31"},"modified":"2022-10-14T10:27:47","modified_gmt":"2022-10-14T08:27:47","slug":"majatek-podmiotu","status":"publish","type":"page","link":"https:\/\/sp5.srem.pl\/bip\/majatek-publiczny\/majatek-podmiotu\/","title":{"rendered":"Maj\u0105tek podmiotu"},"content":{"rendered":"\n<p>Budynek szko\u0142y &#8211; 7148,19 m2         <\/p>\n\n\n\n<p>U\u0142amkowy udzia\u0142 w gruntach &#8211; 851\/1000 cz\u0119\u015bci dzia\u0142ek:<\/p>\n\n\n\n<p>1742\/4 &#8211; 0,0277 ha<\/p>\n\n\n\n<p>1747\/4 &#8211; 2.0038 ha<\/p>\n\n\n\n<p>1749\/4 &#8211; 0,4529 ha<\/p>\n\n\n\n<p><\/p>\n\n\n\n<p><\/p>\n\n\n\n<p><\/p>\n","protected":false},"excerpt":{"rendered":"<p>Budynek szko\u0142y &#8211; 7148,19 m2 U\u0142amkowy udzia\u0142 w gruntach &#8211; 851\/1000 cz\u0119\u015bci dzia\u0142ek: 1742\/4 &#8211; 0,0277 ha 1747\/4 &#8211; 2.0038 ha 1749\/4 &#8211; 0,4529 ha<\/p>\n","protected":false},"author":1,"featured_media":0,"parent":29,"menu_order":0,"comment_status":"closed","ping_status":"closed","template":"","meta":{"_lmt_disableupdate":"","_lmt_disable":"","footnotes":""},"class_list":["post-31","page","type-page","status-publish","hentry"],"_links":{"self":[{"href":"https:\/\/sp5.srem.pl\/bip\/wp-json\/wp\/v2\/pages\/31","targetHints":{"allow":["GET"]}}],"collection":[{"href":"https:\/\/sp5.srem.pl\/bip\/wp-json\/wp\/v2\/pages"}],"about":[{"href":"https:\/\/sp5.srem.pl\/bip\/wp-json\/wp\/v2\/types\/page"}],"author":[{"embeddable":true,"href":"https:\/\/sp5.srem.pl\/bip\/wp-json\/wp\/v2\/users\/1"}],"replies":[{"embeddable":true,"href":"https:\/\/sp5.srem.pl\/bip\/wp-json\/wp\/v2\/comments?post=31"}],"version-history":[{"count":2,"href":"https:\/\/sp5.srem.pl\/bip\/wp-json\/wp\/v2\/pages\/31\/revisions"}],"predecessor-version":[{"id":249,"href":"https:\/\/sp5.srem.pl\/bip\/wp-json\/wp\/v2\/pages\/31\/revisions\/249"}],"up":[{"embeddable":true,"href":"https:\/\/sp5.srem.pl\/bip\/wp-json\/wp\/v2\/pages\/29"}],"wp:attachment":[{"href":"https:\/\/sp5.srem.pl\/bip\/wp-json\/wp\/v2\/media?parent=31"}],"curies":[{"name":"wp","href":"https:\/\/api.w.org\/{rel}","templated":true}]}}